{"id":14,"date":"2025-03-18T01:19:29","date_gmt":"2025-03-18T01:19:29","guid":{"rendered":"https:\/\/visitaixtac.armesis.com\/?page_id=14"},"modified":"2025-04-21T20:36:11","modified_gmt":"2025-04-21T20:36:11","slug":"contacto","status":"publish","type":"page","link":"https:\/\/visitaixtac.armesis.com\/index.php\/contacto\/","title":{"rendered":"Contacto"},"content":{"rendered":"<p>[et_pb_section fb_built=\u00bb1&#8243; fullwidth=\u00bbon\u00bb _builder_version=\u00bb4.27.4&#8243; _module_preset=\u00bbdefault\u00bb use_background_color_gradient=\u00bbon\u00bb background_color_gradient_stops=\u00bbrgba(255,255,255,0.2) 30%|rgba(255,255,255,0.7) 80%\u00bb background_color_gradient_overlays_image=\u00bbon\u00bb background_image=\u00bbhttps:\/\/visitaixtac.armesis.com\/wp-content\/uploads\/2025\/04\/centroixtac.jpg\u00bb parallax=\u00bbon\u00bb custom_padding=\u00bb170px||170px||true|false\u00bb bottom_divider_style=\u00bbwave2&#8243; bottom_divider_color=\u00bb#FFFFFF\u00bb animation_style=\u00bbfade\u00bb animation_duration=\u00bb1100ms\u00bb global_colors_info=\u00bb{}\u00bb][et_pb_fullwidth_header title=\u00bbContacto\u00bb _builder_version=\u00bb4.27.4&#8243; _module_preset=\u00bbdefault\u00bb title_font=\u00bbDarker Grotesque|900|||||||\u00bb title_text_align=\u00bbcenter\u00bb title_font_size=\u00bb55px\u00bb title_letter_spacing=\u00bb2px\u00bb background_enable_color=\u00bboff\u00bb background_enable_image=\u00bboff\u00bb parallax=\u00bbon\u00bb parallax_method=\u00bbon\u00bb animation_style=\u00bbzoom\u00bb title_text_shadow_style=\u00bbpreset2&#8243; title_text_shadow_horizontal_length=\u00bb0em\u00bb title_text_shadow_vertical_length=\u00bb0.1em\u00bb title_text_shadow_color=\u00bbrgba(0,0,0,0.8)\u00bb global_colors_info=\u00bb{}\u00bb][\/et_pb_fullwidth_header][\/et_pb_section][et_pb_section fb_built=\u00bb1&#8243; _builder_version=\u00bb4.27.4&#8243; _module_preset=\u00bbdefault\u00bb custom_padding=\u00bb75px||0px||false|false\u00bb global_colors_info=\u00bb{}\u00bb][et_pb_row column_structure=\u00bb1_6,1_6,1_6,1_6,1_6,1_6&#8243; _builder_version=\u00bb4.27.4&#8243; _module_preset=\u00bbdefault\u00bb transform_translate=\u00bb-18px|0px\u00bb transform_translate_linked=\u00bboff\u00bb custom_padding=\u00bb||0px||false|false\u00bb global_colors_info=\u00bb{}\u00bb][et_pb_column type=\u00bb1_6&#8243; _builder_version=\u00bb4.27.4&#8243; _module_preset=\u00bbdefault\u00bb global_colors_info=\u00bb{}\u00bb][\/et_pb_column][et_pb_column type=\u00bb1_6&#8243; _builder_version=\u00bb4.27.4&#8243; _module_preset=\u00bbdefault\u00bb animation_style=\u00bbroll\u00bb animation_direction=\u00bbtop\u00bb global_colors_info=\u00bb{}\u00bb][et_pb_image src=\u00bbhttps:\/\/visitaixtac.armesis.com\/wp-content\/uploads\/2025\/04\/Imagen1.png\u00bb title_text=\u00bbImagen1&#8243; align=\u00bbright\u00bb _builder_version=\u00bb4.27.4&#8243; _module_preset=\u00bbdefault\u00bb transform_translate=\u00bb25px|-15px\u00bb transform_translate_linked=\u00bboff\u00bb global_colors_info=\u00bb{}\u00bb][\/et_pb_image][et_pb_icon font_icon=\u00bb&#xe090;||divi||400&#8243; icon_color=\u00bb#000000&#8243; icon_width=\u00bb80px\u00bb align=\u00bbright\u00bb _builder_version=\u00bb4.27.4&#8243; _module_preset=\u00bbdefault\u00bb transform_translate=\u00bb2px|-143px\u00bb transform_translate_linked=\u00bboff\u00bb custom_margin=\u00bb0px|0px|0px|0px|false|false\u00bb custom_padding=\u00bb0px|0px|0px|0px|false|false\u00bb global_colors_info=\u00bb{}\u00bb][\/et_pb_icon][\/et_pb_column][et_pb_column type=\u00bb1_6&#8243; _builder_version=\u00bb4.27.4&#8243; _module_preset=\u00bbdefault\u00bb animation_style=\u00bbzoom\u00bb global_colors_info=\u00bb{}\u00bb][et_pb_blurb title=\u00bbTel\u00e9fono\u00bb _builder_version=\u00bb4.27.4&#8243; _module_preset=\u00bbdefault\u00bb header_font=\u00bbDarker Grotesque|700|||||||\u00bb header_font_size=\u00bb25px\u00bb body_font=\u00bbDarker Grotesque|600|||||||\u00bb body_font_size=\u00bb20px\u00bb custom_padding=\u00bb|0px||||\u00bb global_colors_info=\u00bb{}\u00bb]<\/p>\n<p>272 721 0506<\/p>\n<p>[\/et_pb_blurb][\/et_pb_column][et_pb_column type=\u00bb1_6&#8243; _builder_version=\u00bb4.27.4&#8243; _module_preset=\u00bbdefault\u00bb animation_style=\u00bbroll\u00bb animation_direction=\u00bbtop\u00bb global_colors_info=\u00bb{}\u00bb][et_pb_image src=\u00bbhttps:\/\/visitaixtac.armesis.com\/wp-content\/uploads\/2025\/04\/Imagen1.png\u00bb title_text=\u00bbImagen1&#8243; align=\u00bbright\u00bb _builder_version=\u00bb4.27.4&#8243; _module_preset=\u00bbdefault\u00bb transform_translate=\u00bb0px|-15px\u00bb transform_translate_linked=\u00bboff\u00bb global_colors_info=\u00bb{}\u00bb][\/et_pb_image][et_pb_icon font_icon=\u00bb&#xf64a;||fa||900&#8243; icon_color=\u00bb#000000&#8243; icon_width=\u00bb70px\u00bb _builder_version=\u00bb4.27.4&#8243; _module_preset=\u00bbdefault\u00bb transform_translate=\u00bb4px|-140px\u00bb transform_translate_linked=\u00bboff\u00bb custom_margin=\u00bb0px|0px|0px|0px|false|false\u00bb custom_padding=\u00bb0px|0px|0px|0px|false|false\u00bb global_colors_info=\u00bb{}\u00bb][\/et_pb_icon][\/et_pb_column][et_pb_column type=\u00bb1_6&#8243; _builder_version=\u00bb4.27.4&#8243; _module_preset=\u00bbdefault\u00bb animation_style=\u00bbzoom\u00bb global_colors_info=\u00bb{}\u00bb][et_pb_blurb title=\u00bbHorario de Atenci\u00f3n\u00bb _builder_version=\u00bb4.27.4&#8243; _module_preset=\u00bbdefault\u00bb header_font=\u00bbDarker Grotesque|700|||||||\u00bb header_font_size=\u00bb25px\u00bb body_font=\u00bbDarker Grotesque|600|||||||\u00bb body_font_size=\u00bb20px\u00bb transform_translate=\u00bb-25px|0px\u00bb transform_translate_linked=\u00bboff\u00bb custom_margin=\u00bb|-70px|||false|false\u00bb global_colors_info=\u00bb{}\u00bb]<\/p>\n<p>Lunes a Viernes\u00a0 \u00a0 \u00a0 \u00a0 \u00a0 8:30 a.m. a 4:00 p.m.<\/p>\n<p>[\/et_pb_blurb][\/et_pb_column][et_pb_column type=\u00bb1_6&#8243; _builder_version=\u00bb4.27.4&#8243; _module_preset=\u00bbdefault\u00bb global_colors_info=\u00bb{}\u00bb][\/et_pb_column][\/et_pb_row][\/et_pb_section][et_pb_section fb_built=\u00bb1&#8243; fullwidth=\u00bbon\u00bb next_background_color=\u00bb#000000&#8243; _builder_version=\u00bb4.27.4&#8243; _module_preset=\u00bbdefault\u00bb top_divider_style=\u00bbwave2&#8243; top_divider_color=\u00bb#FFFFFF\u00bb bottom_divider_style=\u00bbwave2&#8243; animation_style=\u00bbfade\u00bb hover_enabled=\u00bb0&#8243; global_colors_info=\u00bb{}\u00bb sticky_enabled=\u00bb0&#8243; bottom_divider_height=\u00bb60px\u00bb][et_pb_fullwidth_code _builder_version=\u00bb4.27.4&#8243; _module_preset=\u00bbdefault\u00bb global_colors_info=\u00bb{}\u00bb]<iframe src=\"https:\/\/www.google.com\/maps\/embed?pb=!1m18!1m12!1m3!1d7551.404236889028!2d-97.06793336204966!3d18.855908282322183!2m3!1f0!2f0!3f0!3m2!1i1024!2i768!4f13.1!3m3!1m2!1s0x85c4fd70e3149f2f%3A0x3f7d780bd685e1d7!2sPalacio%20Municipal%20de%20Ixtaczoquitl%C3%A1n%2C%20Veracruz!5e0!3m2!1ses!2smx!4v1745262310492!5m2!1ses!2smx\" width=\"100%\" height=\"600\" style=\"border:0;\" allowfullscreen=\"\" loading=\"lazy\" referrerpolicy=\"no-referrer-when-downgrade\"><\/iframe>[\/et_pb_fullwidth_code][\/et_pb_section][et_pb_section fb_built=\u00bb1&#8243; admin_label=\u00bbFooter\u00bb _builder_version=\u00bb4.27.4&#8243; _module_preset=\u00bbdefault\u00bb background_color=\u00bb#000000&#8243; use_background_color_gradient=\u00bbon\u00bb background_color_gradient_direction=\u00bb135deg\u00bb background_color_gradient_stops=\u00bb#000000 20%|rgba(0,0,0,0.8) 100%\u00bb background_color_gradient_overlays_image=\u00bbon\u00bb background_image=\u00bbhttps:\/\/visitaixtac.armesis.com\/wp-content\/uploads\/2025\/03\/poke-restaurant-27.png\u00bb custom_margin=\u00bb0px||||false|false\u00bb custom_padding=\u00bb1px||0px||false|false\u00bb animation_style=\u00bbfade\u00bb saved_tabs=\u00bball\u00bb locked=\u00bboff\u00bb collapsed=\u00bbon\u00bb global_colors_info=\u00bb{}\u00bb][et_pb_row column_structure=\u00bb2_3,1_3&#8243; make_equal=\u00bbon\u00bb _builder_version=\u00bb4.27.4&#8243; _module_preset=\u00bbdefault\u00bb custom_margin=\u00bb11px|auto|0px|auto|false|false\u00bb global_colors_info=\u00bb{}\u00bb][et_pb_column type=\u00bb2_3&#8243; _builder_version=\u00bb4.17.4&#8243; _module_preset=\u00bbdefault\u00bb global_colors_info=\u00bb{}\u00bb][et_pb_text _builder_version=\u00bb4.27.4&#8243; _module_preset=\u00bb4827deed-2a92-4d97-a22f-f01067ae6873&#8243; header_font=\u00bb||||||||\u00bb header_4_font=\u00bbDarker Grotesque|700|||||||\u00bb header_4_text_color=\u00bb#FFFFFF\u00bb header_4_font_size=\u00bb20px\u00bb header_4_line_height=\u00bb1.4em\u00bb custom_margin=\u00bb||0px||false|false\u00bb header_4_font_size_tablet=\u00bb17px\u00bb header_4_font_size_phone=\u00bb15px\u00bb header_4_font_size_last_edited=\u00bbon|phone\u00bb locked=\u00bboff\u00bb global_colors_info=\u00bb{}\u00bb]<\/p>\n<h4>Direcci\u00f3n<\/h4>\n<p>[\/et_pb_text][et_pb_text _builder_version=\u00bb4.27.4&#8243; _module_preset=\u00bbaaa7c440-590a-4078-ae0c-0f3c699ac51c\u00bb header_font=\u00bb||||||||\u00bb header_3_font=\u00bbDarker Grotesque|700|||||||\u00bb header_3_text_color=\u00bb#FFFFFF\u00bb header_3_font_size=\u00bb30px\u00bb header_3_line_height=\u00bb1.2em\u00bb link_option_url_new_window=\u00bbon\u00bb header_3_font_size_tablet=\u00bb20px\u00bb header_3_font_size_phone=\u00bb16px\u00bb header_3_font_size_last_edited=\u00bbon|phone\u00bb locked=\u00bboff\u00bb global_colors_info=\u00bb{}\u00bb]<\/p>\n<h3><a href=\"https:\/\/maps.app.goo.gl\/sUAu2ofwWntyR9Uk9\" target=\"_blank\" rel=\"noopener\"><span>Avenida Ruiz Galindo no. 211 col. Centro 94460 Ixtaczoquitl\u00e1n, Mexico<\/span><\/a><\/h3>\n<p>[\/et_pb_text][et_pb_text _builder_version=\u00bb4.27.4&#8243; _module_preset=\u00bb4827deed-2a92-4d97-a22f-f01067ae6873&#8243; header_font=\u00bb||||||||\u00bb header_4_font=\u00bbDarker Grotesque|700|||||||\u00bb header_4_text_color=\u00bb#FFFFFF\u00bb header_4_font_size=\u00bb20px\u00bb header_4_line_height=\u00bb1.4em\u00bb custom_margin=\u00bb||0px||false|false\u00bb header_4_font_size_tablet=\u00bb17px\u00bb header_4_font_size_phone=\u00bb15px\u00bb header_4_font_size_last_edited=\u00bbon|phone\u00bb locked=\u00bboff\u00bb global_colors_info=\u00bb{}\u00bb]<\/p>\n<h4>Tel\u00e9fono<\/h4>\n<p>[\/et_pb_text][et_pb_text _builder_version=\u00bb4.27.4&#8243; _module_preset=\u00bbaaa7c440-590a-4078-ae0c-0f3c699ac51c\u00bb header_font=\u00bb||||||||\u00bb header_3_font=\u00bbDarker Grotesque|700|||||||\u00bb header_3_text_color=\u00bb#FFFFFF\u00bb header_3_font_size=\u00bb30px\u00bb header_3_line_height=\u00bb1.2em\u00bb header_3_font_size_tablet=\u00bb20px\u00bb header_3_font_size_phone=\u00bb16px\u00bb header_3_font_size_last_edited=\u00bbon|phone\u00bb locked=\u00bboff\u00bb global_colors_info=\u00bb{}\u00bb]<\/p>\n<h3><span>272 721 0506<\/span><\/h3>\n<p>[\/et_pb_text][et_pb_social_media_follow icon_color=\u00bb#000000&#8243; use_icon_font_size=\u00bbon\u00bb _builder_version=\u00bb4.27.4&#8243; _module_preset=\u00bbdefault\u00bb border_radii=\u00bbon|100px|100px|100px|100px\u00bb global_colors_info=\u00bb{}\u00bb][et_pb_social_media_follow_network social_network=\u00bbfacebook\u00bb url=\u00bbhttps:\/\/www.facebook.com\/Gobiernodeixtac?locale=es_ES\u00bb icon_color=\u00bb#FFFFFF\u00bb _builder_version=\u00bb4.27.4&#8243; _module_preset=\u00bbdefault\u00bb background_color=\u00bb#a62c4d\u00bb background_enable_color=\u00bbon\u00bb custom_padding=\u00bb5px|5px|5px|5px|true|true\u00bb global_colors_info=\u00bb{}\u00bb follow_button=\u00bboff\u00bb url_new_window=\u00bbon\u00bb]facebook[\/et_pb_social_media_follow_network][\/et_pb_social_media_follow][\/et_pb_column][et_pb_column type=\u00bb1_3&#8243; _builder_version=\u00bb4.27.4&#8243; _module_preset=\u00bbdefault\u00bb background_enable_mask_style=\u00bbon\u00bb background_mask_style=\u00bbdiagonal\u00bb background_mask_color=\u00bbrgba(166,44,77,0.8)\u00bb background_mask_transform=\u00bbflip_horizontal|rotate_90_degree|invert\u00bb background_mask_aspect_ratio=\u00bbportrait\u00bb background_mask_size=\u00bbcover\u00bb background_mask_position=\u00bbtop_center\u00bb custom_padding=\u00bb30px|40px|30px|40px|true|true\u00bb custom_padding_tablet=\u00bb50px|50px|35%|50px|false|true\u00bb custom_padding_phone=\u00bb20px|30px|40%|30px|false|true\u00bb custom_padding_last_edited=\u00bbon|tablet\u00bb background_last_edited=\u00bbon|tablet\u00bb background_mask_aspect_ratio_tablet=\u00bblandscape\u00bb background_mask_aspect_ratio_phone=\u00bbportrait\u00bb background_mask_size_phone=\u00bbcover\u00bb background_mask_position_tablet=\u00bbtop_center\u00bb global_colors_info=\u00bb{}\u00bb][et_pb_text _builder_version=\u00bb4.27.4&#8243; _module_preset=\u00bb4827deed-2a92-4d97-a22f-f01067ae6873&#8243; header_font=\u00bb||||||||\u00bb header_4_font=\u00bbDarker Grotesque|700|||||||\u00bb header_4_text_color=\u00bb#FFFFFF\u00bb header_4_font_size=\u00bb20px\u00bb header_4_line_height=\u00bb1.4em\u00bb custom_margin=\u00bb||0px||false|false\u00bb header_4_font_size_tablet=\u00bb17px\u00bb header_4_font_size_phone=\u00bb15px\u00bb header_4_font_size_last_edited=\u00bbon|phone\u00bb global_colors_info=\u00bb{}\u00bb]<\/p>\n<h4>Horario de Atenci\u00f3n<\/h4>\n<p>[\/et_pb_text][et_pb_text _builder_version=\u00bb4.27.4&#8243; _module_preset=\u00bb1f09816e-184e-4ce5-a4cf-b39c52c423ca\u00bb text_font=\u00bbDarker Grotesque|700|||||||\u00bb text_text_color=\u00bb#FFFFFF\u00bb text_font_size=\u00bb19px\u00bb text_line_height=\u00bb1.5em\u00bb text_font_size_tablet=\u00bb18px\u00bb text_font_size_phone=\u00bb16px\u00bb text_font_size_last_edited=\u00bbon|phone\u00bb header_font_size_tablet=\u00bb55px\u00bb header_font_size_last_edited=\u00bboff|desktop\u00bb locked=\u00bboff\u00bb global_colors_info=\u00bb{}\u00bb]<\/p>\n<p>Lunes a Viernes<br \/>8:30 am \u2013 4:00 pm<\/p>\n<p>[\/et_pb_text][\/et_pb_column][\/et_pb_row][\/et_pb_section]<\/p>\n","protected":false},"excerpt":{"rendered":"<p>272 721 0506Lunes a Viernes\u00a0 \u00a0 \u00a0 \u00a0 \u00a0 8:30 a.m. a 4:00 p.m.Direcci\u00f3nAvenida Ruiz Galindo no. 211 col. Centro 94460 Ixtaczoquitl\u00e1n, MexicoTel\u00e9fono272 721 0506Horario de Atenci\u00f3nLunes a Viernes8:30 am \u2013 4:00 pm<\/p>\n","protected":false},"author":1,"featured_media":0,"parent":0,"menu_order":0,"comment_status":"closed","ping_status":"closed","template":"","meta":{"_et_pb_use_builder":"on","_et_pb_old_content":"<!-- wp:divi\/placeholder \/-->","_et_gb_content_width":"","footnotes":""},"class_list":["post-14","page","type-page","status-publish","hentry"],"_links":{"self":[{"href":"https:\/\/visitaixtac.armesis.com\/index.php\/wp-json\/wp\/v2\/pages\/14","targetHints":{"allow":["GET"]}}],"collection":[{"href":"https:\/\/visitaixtac.armesis.com\/index.php\/wp-json\/wp\/v2\/pages"}],"about":[{"href":"https:\/\/visitaixtac.armesis.com\/index.php\/wp-json\/wp\/v2\/types\/page"}],"author":[{"embeddable":true,"href":"https:\/\/visitaixtac.armesis.com\/index.php\/wp-json\/wp\/v2\/users\/1"}],"replies":[{"embeddable":true,"href":"https:\/\/visitaixtac.armesis.com\/index.php\/wp-json\/wp\/v2\/comments?post=14"}],"version-history":[{"count":13,"href":"https:\/\/visitaixtac.armesis.com\/index.php\/wp-json\/wp\/v2\/pages\/14\/revisions"}],"predecessor-version":[{"id":128,"href":"https:\/\/visitaixtac.armesis.com\/index.php\/wp-json\/wp\/v2\/pages\/14\/revisions\/128"}],"wp:attachment":[{"href":"https:\/\/visitaixtac.armesis.com\/index.php\/wp-json\/wp\/v2\/media?parent=14"}],"curies":[{"name":"wp","href":"https:\/\/api.w.org\/{rel}","templated":true}]}}